{"id":4362,"date":"2025-03-20T10:28:14","date_gmt":"2025-03-20T10:28:14","guid":{"rendered":"https:\/\/galaxy.al\/?page_id=4362"},"modified":"2025-03-20T13:48:05","modified_gmt":"2025-03-20T13:48:05","slug":"vitamunda","status":"publish","type":"page","link":"https:\/\/galaxy.al\/?page_id=4362","title":{"rendered":"Vitamunda"},"content":{"rendered":"<div class=\"wpb-content-wrapper\"><div class=\"vc_row wpb_row vc_row-fluid\"><div class=\"\"  ><div class=\"wpb_column vc_column_container vc_col-sm-12\"><div class=\"vc_column-inner  \"><div class=\"wpb_wrapper\">\n\t<div  class=\"wpb_single_image wpb_content_element vc_align_center wpb_content_element\">\n\t\t\n\t\t<figure class=\"wpb_wrapper vc_figure\">\n\t\t\t<div class=\"vc_single_image-wrapper   vc_box_border_grey\"><img loading=\"lazy\" decoding=\"async\" width=\"300\" height=\"169\" src=\"https:\/\/galaxy.al\/wp-content\/uploads\/2025\/03\/vitamunda-300x169.jpg\" class=\"vc_single_image-img attachment-medium\" alt=\"\" title=\"vitamunda\" srcset=\"https:\/\/galaxy.al\/wp-content\/uploads\/2025\/03\/vitamunda-300x169.jpg 300w, https:\/\/galaxy.al\/wp-content\/uploads\/2025\/03\/vitamunda-1024x576.jpg 1024w, https:\/\/galaxy.al\/wp-content\/uploads\/2025\/03\/vitamunda-768x432.jpg 768w, https:\/\/galaxy.al\/wp-content\/uploads\/2025\/03\/vitamunda-18x10.jpg 18w, https:\/\/galaxy.al\/wp-content\/uploads\/2025\/03\/vitamunda.jpg 1280w\" sizes=\"auto, (max-width: 300px) 100vw, 300px\" \/><\/div>\n\t\t<\/figure>\n\t<\/div>\n<\/div><\/div><\/div><\/div><\/div><div class=\"vc_row wpb_row vc_row-fluid\"><div class=\"\"  ><div class=\"wpb_column vc_column_container vc_col-sm-12\"><div class=\"vc_column-inner  \"><div class=\"wpb_wrapper\"><div class=\"vc_separator wpb_content_element vc_separator_align_center vc_sep_width_100 vc_sep_border_width_4 vc_sep_pos_align_center vc_separator_no_text vc_sep_color_blue wpb_content_element  wpb_content_element\" ><span class=\"vc_sep_holder vc_sep_holder_l\"><span class=\"vc_sep_line\"><\/span><\/span><span class=\"vc_sep_holder vc_sep_holder_r\"><span class=\"vc_sep_line\"><\/span><\/span>\n<\/div><\/div><\/div><\/div><\/div><\/div><div class=\"vc_row wpb_row vc_row-fluid\"><div id=at-cases-69f4572a683aa  class=\"at-cases-wrapper col_3\"><div class=\"at-cases-main\"><div class=\"at-cases-item grid-cases all vitamunda\"><div class=\"at-cases clearfix\"><div class=\"at-cases-details\"><img decoding=\"async\" class=\"\" src=\"https:\/\/galaxy.al\/wp-content\/uploads\/2025\/03\/Acetyl-L-Carnitin-750x450.png\" width=\"750\" height=\"450\" alt=\"Acetyl L-Carnitin\" title=\"Acetyl L-Carnitin\" loading=\"lazy\" \/><div class=\"at-cases-content\"><span class=\"title\">Acetyl L-Carnitin Vitamunda Liposomal<\/span><span class=\"categories\"> Vitamunda<\/span><\/div><a href=\"https:\/\/galaxy.al\/?post_type=cases&p=4374\"><\/a><\/div><\/div><\/div><div class=\"at-cases-item grid-cases all vitamunda\"><div class=\"at-cases clearfix\"><div class=\"at-cases-details\"><img decoding=\"async\" class=\"\" src=\"https:\/\/galaxy.al\/wp-content\/uploads\/2025\/03\/Acid-Hyaluronic-750x450.png\" width=\"750\" height=\"450\" alt=\"Acid Hyaluronic\" title=\"Acid Hyaluronic\" loading=\"lazy\" \/><div class=\"at-cases-content\"><span class=\"title\">Acid Hyaluronic &#038; vitamin\u00eb C Vitamunda Liposomal<\/span><span class=\"categories\"> Vitamunda<\/span><\/div><a href=\"https:\/\/galaxy.al\/?post_type=cases&p=4387\"><\/a><\/div><\/div><\/div><div class=\"at-cases-item grid-cases all vitamunda\"><div class=\"at-cases clearfix\"><div class=\"at-cases-details\"><img decoding=\"async\" class=\"\" src=\"https:\/\/galaxy.al\/wp-content\/uploads\/2025\/03\/Active-B-Complex-750x450.png\" width=\"750\" height=\"450\" alt=\"Active B-Complex\" title=\"Active B-Complex\" loading=\"lazy\" \/><div class=\"at-cases-content\"><span class=\"title\">Active B-Complex Vitamunda Liposomal<\/span><span class=\"categories\"> Vitamunda<\/span><\/div><a href=\"https:\/\/galaxy.al\/?post_type=cases&p=4389\"><\/a><\/div><\/div><\/div><div class=\"at-cases-item grid-cases all vitamunda\"><div class=\"at-cases clearfix\"><div class=\"at-cases-details\"><img decoding=\"async\" class=\"\" src=\"https:\/\/galaxy.al\/wp-content\/uploads\/2025\/03\/Bamboo-Silica-750x450.png\" width=\"750\" height=\"450\" alt=\"Bamboo Silica\" title=\"Bamboo Silica\" loading=\"lazy\" \/><div class=\"at-cases-content\"><span class=\"title\">Bamboo Silica Vitamunda Liposomal<\/span><span class=\"categories\"> Vitamunda<\/span><\/div><a href=\"https:\/\/galaxy.al\/?post_type=cases&p=4391\"><\/a><\/div><\/div><\/div><div class=\"at-cases-item grid-cases all vitamunda\"><div class=\"at-cases clearfix\"><div class=\"at-cases-details\"><img decoding=\"async\" class=\"\" src=\"https:\/\/galaxy.al\/wp-content\/uploads\/2025\/03\/Calcium-750x450.png\" width=\"750\" height=\"450\" alt=\"Calcium\" title=\"Calcium\" loading=\"lazy\" \/><div class=\"at-cases-content\"><span class=\"title\">Calcium Vitamunda Liposomal<\/span><span class=\"categories\"> Vitamunda<\/span><\/div><a href=\"https:\/\/galaxy.al\/?post_type=cases&p=4385\"><\/a><\/div><\/div><\/div><div class=\"at-cases-item grid-cases all vitamunda\"><div class=\"at-cases clearfix\"><div class=\"at-cases-details\"><img decoding=\"async\" class=\"\" src=\"https:\/\/galaxy.al\/wp-content\/uploads\/2025\/03\/Curcumin-750x450.png\" width=\"750\" height=\"450\" alt=\"Curcumin\" title=\"Curcumin\" loading=\"lazy\" \/><div class=\"at-cases-content\"><span class=\"title\">Curcumin Vitamunda Liposomal<\/span><span class=\"categories\"> Vitamunda<\/span><\/div><a href=\"https:\/\/galaxy.al\/?post_type=cases&p=4401\"><\/a><\/div><\/div><\/div><div class=\"at-cases-item grid-cases all vitamunda\"><div class=\"at-cases clearfix\"><div class=\"at-cases-details\"><img decoding=\"async\" class=\"\" src=\"https:\/\/galaxy.al\/wp-content\/uploads\/2025\/03\/D3-K2-Magnesium-750x450.png\" width=\"750\" height=\"450\" alt=\"D3 K2 Magnesium\" title=\"D3 K2 Magnesium\" loading=\"lazy\" \/><div class=\"at-cases-content\"><span class=\"title\">D3 K2 Magnesium Vitamunda Liposomal Vegan<\/span><span class=\"categories\"> Vitamunda<\/span><\/div><a href=\"https:\/\/galaxy.al\/?post_type=cases&p=4380\"><\/a><\/div><\/div><\/div><div class=\"at-cases-item grid-cases all vitamunda\"><div class=\"at-cases clearfix\"><div class=\"at-cases-details\"><img decoding=\"async\" class=\"\" src=\"https:\/\/galaxy.al\/wp-content\/uploads\/2025\/03\/Glutathione-750x450.png\" width=\"750\" height=\"450\" alt=\"Glutathione\" title=\"Glutathione\" loading=\"lazy\" \/><div class=\"at-cases-content\"><span class=\"title\">Glutathione Vitamunda Liposomale<\/span><span class=\"categories\"> Vitamunda<\/span><\/div><a href=\"https:\/\/galaxy.al\/?post_type=cases&p=4405\"><\/a><\/div><\/div><\/div><div class=\"at-cases-item grid-cases all vitamunda\"><div class=\"at-cases clearfix\"><div class=\"at-cases-details\"><img decoding=\"async\" class=\"\" src=\"https:\/\/galaxy.al\/wp-content\/uploads\/2025\/03\/Iron-750x450.png\" width=\"750\" height=\"450\" alt=\"Iron\" title=\"Iron\" loading=\"lazy\" \/><div class=\"at-cases-content\"><span class=\"title\">Iron Vitamunda Liposomale<\/span><span class=\"categories\"> Vitamunda<\/span><\/div><a href=\"https:\/\/galaxy.al\/?post_type=cases&p=4403\"><\/a><\/div><\/div><\/div><div class=\"at-cases-item grid-cases all vitamunda\"><div class=\"at-cases clearfix\"><div class=\"at-cases-details\"><img decoding=\"async\" class=\"\" src=\"https:\/\/galaxy.al\/wp-content\/uploads\/2025\/03\/Magnesium-750x450.png\" width=\"750\" height=\"450\" alt=\"Magnesium\" title=\"Magnesium\" loading=\"lazy\" \/><div class=\"at-cases-content\"><span class=\"title\">Magnesium Vitamunda Liposomale<\/span><span class=\"categories\"> Vitamunda<\/span><\/div><a href=\"https:\/\/galaxy.al\/?post_type=cases&p=4382\"><\/a><\/div><\/div><\/div><div class=\"at-cases-item grid-cases all vitamunda\"><div class=\"at-cases clearfix\"><div class=\"at-cases-details\"><img decoding=\"async\" class=\"\" src=\"https:\/\/galaxy.al\/wp-content\/uploads\/2025\/03\/MSMBoswelia-750x450.png\" width=\"750\" height=\"450\" alt=\"MSM+Boswelia\" title=\"MSM+Boswelia\" loading=\"lazy\" \/><div class=\"at-cases-content\"><span class=\"title\">MSM+Boswelia Vitamunda Liposomal<\/span><span class=\"categories\"> Vitamunda<\/span><\/div><a href=\"https:\/\/galaxy.al\/?post_type=cases&p=4378\"><\/a><\/div><\/div><\/div><div class=\"at-cases-item grid-cases all vitamunda\"><div class=\"at-cases clearfix\"><div class=\"at-cases-details\"><img decoding=\"async\" class=\"\" src=\"https:\/\/galaxy.al\/wp-content\/uploads\/2025\/03\/Multi-750x450.png\" width=\"750\" height=\"450\" alt=\"Multi\" title=\"Multi\" loading=\"lazy\" \/><div class=\"at-cases-content\"><span class=\"title\">Multi Vitamunda Liposomal<\/span><span class=\"categories\"> Vitamunda<\/span><\/div><a href=\"https:\/\/galaxy.al\/?post_type=cases&p=4397\"><\/a><\/div><\/div><\/div><div class=\"at-cases-item grid-cases all vitamunda\"><div class=\"at-cases clearfix\"><div class=\"at-cases-details\"><img decoding=\"async\" class=\"\" src=\"https:\/\/galaxy.al\/wp-content\/uploads\/2025\/03\/R-Alpha-Lipoic-Acid-750x450.png\" width=\"750\" height=\"450\" alt=\"R-Alpha-Lipoic Acid\" title=\"R-Alpha-Lipoic Acid\" loading=\"lazy\" \/><div class=\"at-cases-content\"><span class=\"title\">R-Alpha-Lipoic Acid Vitamunda Liposomale<\/span><span class=\"categories\"> Vitamunda<\/span><\/div><a href=\"https:\/\/galaxy.al\/?post_type=cases&p=4393\"><\/a><\/div><\/div><\/div><div class=\"at-cases-item grid-cases all vitamunda\"><div class=\"at-cases clearfix\"><div class=\"at-cases-details\"><img decoding=\"async\" class=\"\" src=\"https:\/\/galaxy.al\/wp-content\/uploads\/2025\/03\/Resveratrol-750x450.png\" width=\"750\" height=\"450\" alt=\"Resveratrol\" title=\"Resveratrol\" loading=\"lazy\" \/><div class=\"at-cases-content\"><span class=\"title\">Resveratrol Vitamunda Liposomale<\/span><span class=\"categories\"> Vitamunda<\/span><\/div><a href=\"https:\/\/galaxy.al\/?post_type=cases&p=4399\"><\/a><\/div><\/div><\/div><div class=\"at-cases-item grid-cases all vitamunda\"><div class=\"at-cases clearfix\"><div class=\"at-cases-details\"><img decoding=\"async\" class=\"\" src=\"https:\/\/galaxy.al\/wp-content\/uploads\/2025\/03\/Vit-B12-750x450.png\" width=\"750\" height=\"450\" alt=\"Vit B12\" title=\"Vit B12\" loading=\"lazy\" \/><div class=\"at-cases-content\"><span class=\"title\">Vit B12 Vitamunda Liposomal<\/span><span class=\"categories\"> Vitamunda<\/span><\/div><a href=\"https:\/\/galaxy.al\/?post_type=cases&p=4376\"><\/a><\/div><\/div><\/div><div class=\"at-cases-item grid-cases all vitamunda\"><div class=\"at-cases clearfix\"><div class=\"at-cases-details\"><img decoding=\"async\" class=\"\" src=\"https:\/\/galaxy.al\/wp-content\/uploads\/2025\/03\/Vitamin-C-750x450.png\" width=\"750\" height=\"450\" alt=\"Vitamin C\" title=\"Vitamin C\" loading=\"lazy\" \/><div class=\"at-cases-content\"><span class=\"title\">Vitamin C Vitamunda Liposomale<\/span><span class=\"categories\"> Vitamunda<\/span><\/div><a href=\"https:\/\/galaxy.al\/?post_type=cases&p=4395\"><\/a><\/div><\/div><\/div><\/div><\/div>\t\t\t<script type=\"text\/javascript\">\r\n\t\t\t\tjQuery(window).on('load',function($){\r\n\t\t\t\t\tvar $container = jQuery(\"#at-cases-69f4572a683aa .at-cases-main\");\r\n\t\t\t\t\tvar originLeft = true;\r\n\t\t\t\t\tif( jQuery('body').hasClass('rtl') ) {\r\n\t\t\t\t\t\toriginLeft = false;\r\n\t\t\t\t\t}\r\n\t\t\t\t\t$container.isotope({\r\n\t\t\t\t\t\tlayoutMode: 'fitRows',\r\n\t\t\t\t\t\titemSelector: '.at-cases-item',\r\n\t\t\t\t\t\ttransitionDuration: '0.8s',\r\n\t\t\t\t\t\tisOriginLeft: originLeft\r\n\t\t\t\t\t});\r\n\t\t\t\t\tjQuery('#at-cases-69f4572a683aa .at-cases-filter a').on('click', function ($) {\r\n\t\t\t\t\t\t\tjQuery(this).closest('ul').find('li a.selected').removeClass('selected');\r\n\t\t\t\t\t\t\tjQuery(this).addClass('selected');\r\n\t\t\t\t\t\t\tvar sort = jQuery(this).attr('href');\r\n\t\t\t\t\t\t\tsort = sort.substring(1);\r\n\t\t\t\t\t\t\t$container.isotope({\r\n\t\t\t\t\t\t\t\tfilter: '.' + sort\r\n\t\t\t\t\t\t\t});\r\n\t\t\t\t\t\t\treturn false;\r\n\t\t\t\t\t});\r\n\t\t\t\t});\r\n\t\t\t<\/script>\r\n\t\t\t<div class=\"\"  ><div class=\"wpb_column vc_column_container vc_col-sm-12\"><div class=\"vc_column-inner  \"><div class=\"wpb_wrapper\"><\/div><\/div><\/div><\/div><\/div><div class=\"vc_row wpb_row vc_row-fluid\"><div class=\"\"  ><div class=\"wpb_column vc_column_container vc_col-sm-12\"><div class=\"vc_column-inner  \"><div class=\"wpb_wrapper\"><div class=\"vc_separator wpb_content_element vc_separator_align_center vc_sep_width_100 vc_sep_border_width_4 vc_sep_pos_align_center vc_separator_no_text vc_sep_color_blue wpb_content_element  wpb_content_element\" ><span class=\"vc_sep_holder vc_sep_holder_l\"><span class=\"vc_sep_line\"><\/span><\/span><span class=\"vc_sep_holder vc_sep_holder_r\"><span class=\"vc_sep_line\"><\/span><\/span>\n<\/div><\/div><\/div><\/div><\/div><\/div><div class=\"vc_row wpb_row vc_row-fluid\"><div class=\"\"  ><div class=\"wpb_column vc_column_container vc_col-sm-12\"><div class=\"vc_column-inner  \"><div class=\"wpb_wrapper\"><style>.vc_btn3-style-gradient.vc_btn-gradient-btn-69f4572a6d530:hover{color: #fff;background-color: #5472d2;border: none;background-position: 100% 0;}<\/style><style>.vc_btn3-style-gradient.vc_btn-gradient-btn-69f4572a6d530{color: #fff;border: none;background-color: #00c1cf;background-image: -webkit-linear-gradient(left, #00c1cf 0%, #5472d2 50%,#00c1cf 100%);background-image: linear-gradient(to right, #00c1cf 0%, #5472d2 50%,#00c1cf 100%);-webkit-transition: all .2s ease-in-out;transition: all .2s ease-in-out;background-size: 200% 100%;}<\/style><div class=\"vc_btn3-container vc_btn3-center vc_do_btn\" ><a data-vc-gradient-1=\"#00c1cf\" data-vc-gradient-2=\"#5472d2\" class=\"vc_general vc_btn3 vc_btn3-size-md vc_btn3-shape-square vc_btn3-style-gradient vc_btn-gradient-btn-69f4572a6d530\" href=\"https:\/\/www.vitamunda.co.uk\/\" title=\"Visit Vitamunda\" target=\"_blank\">Visit Vitamunda<\/a><\/div><\/div><\/div><\/div><\/div><\/div><div class=\"vc_row wpb_row vc_row-fluid\"><div class=\"\"  ><div class=\"wpb_column vc_column_container vc_col-sm-12\"><div class=\"vc_column-inner  \"><div class=\"wpb_wrapper\"><div class=\"vc_separator wpb_content_element vc_separator_align_center vc_sep_width_100 vc_sep_shadow vc_sep_border_width_4 vc_sep_pos_align_center vc_separator_no_text vc_sep_color_blue wpb_content_element  wpb_content_element\" ><span class=\"vc_sep_holder vc_sep_holder_l\"><span class=\"vc_sep_line\"><\/span><\/span><span class=\"vc_sep_holder vc_sep_holder_r\"><span class=\"vc_sep_line\"><\/span><\/span>\n<\/div><\/div><\/div><\/div><\/div><\/div><div class=\"vc_row wpb_row vc_row-fluid\"><div class=\"\"  ><div class=\"wpb_column vc_column_container vc_col-sm-12\"><div class=\"vc_column-inner  \"><div class=\"wpb_wrapper\">\n\t<div  class=\"wpb_single_image wpb_content_element vc_align_center wpb_content_element\">\n\t\t\n\t\t<figure class=\"wpb_wrapper vc_figure\">\n\t\t\t<div class=\"vc_single_image-wrapper   vc_box_border_grey\"><img loading=\"lazy\" decoding=\"async\" width=\"300\" height=\"169\" src=\"https:\/\/galaxy.al\/wp-content\/uploads\/2025\/03\/Nature-Power-300x169.png\" class=\"vc_single_image-img attachment-medium\" alt=\"\" title=\"Nature Power\" srcset=\"https:\/\/galaxy.al\/wp-content\/uploads\/2025\/03\/Nature-Power-300x169.png 300w, https:\/\/galaxy.al\/wp-content\/uploads\/2025\/03\/Nature-Power-1024x576.png 1024w, https:\/\/galaxy.al\/wp-content\/uploads\/2025\/03\/Nature-Power-768x432.png 768w, https:\/\/galaxy.al\/wp-content\/uploads\/2025\/03\/Nature-Power-18x10.png 18w, https:\/\/galaxy.al\/wp-content\/uploads\/2025\/03\/Nature-Power.png 1280w\" sizes=\"auto, (max-width: 300px) 100vw, 300px\" \/><\/div>\n\t\t<\/figure>\n\t<\/div>\n<\/div><\/div><\/div><\/div><\/div><div class=\"vc_row wpb_row vc_row-fluid\"><div class=\"\"  ><div class=\"wpb_column vc_column_container vc_col-sm-12\"><div class=\"vc_column-inner  \"><div class=\"wpb_wrapper\"><div class=\"vc_separator wpb_content_element vc_separator_align_center vc_sep_width_100 vc_sep_border_width_4 vc_sep_pos_align_center vc_separator_no_text vc_sep_color_blue wpb_content_element  wpb_content_element\" ><span class=\"vc_sep_holder vc_sep_holder_l\"><span class=\"vc_sep_line\"><\/span><\/span><span class=\"vc_sep_holder vc_sep_holder_r\"><span class=\"vc_sep_line\"><\/span><\/span>\n<\/div><\/div><\/div><\/div><\/div><\/div><div class=\"vc_row wpb_row vc_row-fluid\"><div id=at-cases-69f4572a6f9dd  class=\"at-cases-wrapper col_3\"><div class=\"at-cases-main\"><div class=\"at-cases-item grid-cases all nature_power\"><div class=\"at-cases clearfix\"><div class=\"at-cases-details\"><img decoding=\"async\" class=\"\" src=\"https:\/\/galaxy.al\/wp-content\/uploads\/2025\/03\/Gute-Nacht-Liposomale-750x450.png\" width=\"750\" height=\"450\" alt=\"Gute Nacht Liposomale\" title=\"Gute Nacht Liposomale\" loading=\"lazy\" \/><div class=\"at-cases-content\"><span class=\"title\">Gute Nacht Nature Power Liposomal<\/span><span class=\"categories\"> Nature Power<\/span><\/div><a href=\"https:\/\/galaxy.al\/?post_type=cases&p=4369\"><\/a><\/div><\/div><\/div><\/div><\/div>\t\t\t<script type=\"text\/javascript\">\r\n\t\t\t\tjQuery(window).on('load',function($){\r\n\t\t\t\t\tvar $container = jQuery(\"#at-cases-69f4572a6f9dd .at-cases-main\");\r\n\t\t\t\t\tvar originLeft = true;\r\n\t\t\t\t\tif( jQuery('body').hasClass('rtl') ) {\r\n\t\t\t\t\t\toriginLeft = false;\r\n\t\t\t\t\t}\r\n\t\t\t\t\t$container.isotope({\r\n\t\t\t\t\t\tlayoutMode: 'fitRows',\r\n\t\t\t\t\t\titemSelector: '.at-cases-item',\r\n\t\t\t\t\t\ttransitionDuration: '0.8s',\r\n\t\t\t\t\t\tisOriginLeft: originLeft\r\n\t\t\t\t\t});\r\n\t\t\t\t\tjQuery('#at-cases-69f4572a6f9dd .at-cases-filter a').on('click', function ($) {\r\n\t\t\t\t\t\t\tjQuery(this).closest('ul').find('li a.selected').removeClass('selected');\r\n\t\t\t\t\t\t\tjQuery(this).addClass('selected');\r\n\t\t\t\t\t\t\tvar sort = jQuery(this).attr('href');\r\n\t\t\t\t\t\t\tsort = sort.substring(1);\r\n\t\t\t\t\t\t\t$container.isotope({\r\n\t\t\t\t\t\t\t\tfilter: '.' + sort\r\n\t\t\t\t\t\t\t});\r\n\t\t\t\t\t\t\treturn false;\r\n\t\t\t\t\t});\r\n\t\t\t\t});\r\n\t\t\t<\/script>\r\n\t\t\t<div class=\"\"  ><div class=\"wpb_column vc_column_container vc_col-sm-12\"><div class=\"vc_column-inner  \"><div class=\"wpb_wrapper\"><\/div><\/div><\/div><\/div><\/div><div class=\"vc_row wpb_row vc_row-fluid\"><div class=\"\"  ><div class=\"wpb_column vc_column_container vc_col-sm-12\"><div class=\"vc_column-inner  \"><div class=\"wpb_wrapper\"><div class=\"vc_separator wpb_content_element vc_separator_align_center vc_sep_width_100 vc_sep_border_width_4 vc_sep_pos_align_center vc_separator_no_text vc_sep_color_blue wpb_content_element  wpb_content_element\" ><span class=\"vc_sep_holder vc_sep_holder_l\"><span class=\"vc_sep_line\"><\/span><\/span><span class=\"vc_sep_holder vc_sep_holder_r\"><span class=\"vc_sep_line\"><\/span><\/span>\n<\/div><\/div><\/div><\/div><\/div><\/div><div class=\"vc_row wpb_row vc_row-fluid\"><div class=\"\"  ><div class=\"wpb_column vc_column_container vc_col-sm-12\"><div class=\"vc_column-inner  \"><div class=\"wpb_wrapper\"><style>.vc_btn3-style-gradient.vc_btn-gradient-btn-69f4572a70b8d:hover{color: #fff;background-color: #5472d2;border: none;background-position: 100% 0;}<\/style><style>.vc_btn3-style-gradient.vc_btn-gradient-btn-69f4572a70b8d{color: #fff;border: none;background-color: #00c1cf;background-image: -webkit-linear-gradient(left, #00c1cf 0%, #5472d2 50%,#00c1cf 100%);background-image: linear-gradient(to right, #00c1cf 0%, #5472d2 50%,#00c1cf 100%);-webkit-transition: all .2s ease-in-out;transition: all .2s ease-in-out;background-size: 200% 100%;}<\/style><div class=\"vc_btn3-container vc_btn3-center vc_do_btn\" ><a data-vc-gradient-1=\"#00c1cf\" data-vc-gradient-2=\"#5472d2\" class=\"vc_general vc_btn3 vc_btn3-size-md vc_btn3-shape-square vc_btn3-style-gradient vc_btn-gradient-btn-69f4572a70b8d\" href=\"https:\/\/www.naturepower.de\/\" title=\"\">Visit Nature Power<\/a><\/div><\/div><\/div><\/div><\/div><\/div>\n<\/div>","protected":false},"excerpt":{"rendered":"Suplement ushqimor q\u00eb kombinon melatonin\u00ebn e hormoneve t\u00eb gjumit, me nj\u00eb nga neutransmetuesit inhibitor\u00eb n\u00eb t\u00eb. P\u00ebrdorimi:\u00a030 minuta para gjumit me nj\u00eb got\u00eb me uj\u00eb. Mereni p\u00ebr f\u00ebmij\u00eb, gra shtatzane apo me gjidh\u00ebnie vet\u00ebm me rekomandimin e mjekut. P\u00ebrb\u00ebr\u00ebsi:(1 tablet\u00eb) Magnesium citrate 168 mg nga te cilat Magnesium 16.8 mg, Phospholipids 96.6 mg, Gamma-aminobutyric acid [...]","protected":false},"author":1,"featured_media":0,"parent":138,"menu_order":0,"comment_status":"closed","ping_status":"closed","template":"","meta":{"_themeisle_gutenberg_block_has_review":false,"footnotes":""},"class_list":["post-4362","page","type-page","status-publish","hentry"],"jetpack_sharing_enabled":true,"_links":{"self":[{"href":"https:\/\/galaxy.al\/index.php?rest_route=\/wp\/v2\/pages\/4362","targetHints":{"allow":["GET"]}}],"collection":[{"href":"https:\/\/galaxy.al\/index.php?rest_route=\/wp\/v2\/pages"}],"about":[{"href":"https:\/\/galaxy.al\/index.php?rest_route=\/wp\/v2\/types\/page"}],"author":[{"embeddable":true,"href":"https:\/\/galaxy.al\/index.php?rest_route=\/wp\/v2\/users\/1"}],"replies":[{"embeddable":true,"href":"https:\/\/galaxy.al\/index.php?rest_route=%2Fwp%2Fv2%2Fcomments&post=4362"}],"version-history":[{"count":12,"href":"https:\/\/galaxy.al\/index.php?rest_route=\/wp\/v2\/pages\/4362\/revisions"}],"predecessor-version":[{"id":4413,"href":"https:\/\/galaxy.al\/index.php?rest_route=\/wp\/v2\/pages\/4362\/revisions\/4413"}],"up":[{"embeddable":true,"href":"https:\/\/galaxy.al\/index.php?rest_route=\/wp\/v2\/pages\/138"}],"wp:attachment":[{"href":"https:\/\/galaxy.al\/index.php?rest_route=%2Fwp%2Fv2%2Fmedia&parent=4362"}],"curies":[{"name":"wp","href":"https:\/\/api.w.org\/{rel}","templated":true}]}}