{"id":333,"date":"2024-08-30T12:35:56","date_gmt":"2024-08-30T12:35:56","guid":{"rendered":"https:\/\/galaxy.al\/?page_id=333"},"modified":"2024-09-19T08:50:52","modified_gmt":"2024-09-19T08:50:52","slug":"balene","status":"publish","type":"page","link":"https:\/\/galaxy.al\/?page_id=333","title":{"rendered":"Balene"},"content":{"rendered":"<div class=\"wpb-content-wrapper\"><div class=\"vc_row wpb_row vc_row-fluid\"><div class=\"\"  ><div class=\"wpb_column vc_column_container vc_col-sm-12\"><div class=\"vc_column-inner  \"><div class=\"wpb_wrapper\">\n\t<div  class=\"wpb_single_image wpb_content_element vc_align_center wpb_content_element\">\n\t\t\n\t\t<figure class=\"wpb_wrapper vc_figure\">\n\t\t\t<div class=\"vc_single_image-wrapper   vc_box_border_grey\"><img loading=\"lazy\" decoding=\"async\" width=\"300\" height=\"169\" src=\"https:\/\/galaxy.al\/wp-content\/uploads\/2024\/08\/balene-300x169.png\" class=\"vc_single_image-img attachment-medium\" alt=\"\" title=\"balene\" srcset=\"https:\/\/galaxy.al\/wp-content\/uploads\/2024\/08\/balene-300x169.png 300w, https:\/\/galaxy.al\/wp-content\/uploads\/2024\/08\/balene-600x338.png 600w, https:\/\/galaxy.al\/wp-content\/uploads\/2024\/08\/balene-1024x576.png 1024w, https:\/\/galaxy.al\/wp-content\/uploads\/2024\/08\/balene-768x432.png 768w, https:\/\/galaxy.al\/wp-content\/uploads\/2024\/08\/balene.png 1280w\" sizes=\"auto, (max-width: 300px) 100vw, 300px\" \/><\/div>\n\t\t<\/figure>\n\t<\/div>\n<\/div><\/div><\/div><\/div><\/div><div class=\"vc_row wpb_row vc_row-fluid\"><div class=\"\"  ><div class=\"wpb_column vc_column_container vc_col-sm-12\"><div class=\"vc_column-inner  \"><div class=\"wpb_wrapper\"><div class=\"vc_separator wpb_content_element vc_separator_align_center vc_sep_width_100 vc_sep_border_width_4 vc_sep_pos_align_center vc_separator_no_text vc_sep_color_blue wpb_content_element  wpb_content_element\" ><span class=\"vc_sep_holder vc_sep_holder_l\"><span class=\"vc_sep_line\"><\/span><\/span><span class=\"vc_sep_holder vc_sep_holder_r\"><span class=\"vc_sep_line\"><\/span><\/span>\n<\/div><\/div><\/div><\/div><\/div><\/div><div class=\"vc_row wpb_row vc_row-fluid\"><div id=at-cases-69f271b376bd7  class=\"at-cases-wrapper col_\"><div class=\"at-cases-main\"><div class=\"at-cases-item grid-cases all balene\"><div class=\"at-cases clearfix\"><div class=\"at-cases-details\"><img decoding=\"async\" class=\"\" src=\"https:\/\/galaxy.al\/wp-content\/uploads\/2024\/09\/Duotech-Aquamarine-750x450.png\" width=\"750\" height=\"450\" alt=\"Duotech Aquamarine\" title=\"Duotech Aquamarine\" loading=\"lazy\" \/><div class=\"at-cases-content\"><span class=\"title\">Duotech Aquamarine<\/span><span class=\"categories\"> Balene<\/span><\/div><a href=\"https:\/\/galaxy.al\/?post_type=cases&p=782\"><\/a><\/div><\/div><\/div><div class=\"at-cases-item grid-cases all balene\"><div class=\"at-cases clearfix\"><div class=\"at-cases-details\"><img decoding=\"async\" class=\"\" src=\"https:\/\/galaxy.al\/wp-content\/uploads\/2024\/09\/Duotech-Blue-750x450.png\" width=\"750\" height=\"450\" alt=\"Duotech Blue\" title=\"Duotech Blue\" loading=\"lazy\" \/><div class=\"at-cases-content\"><span class=\"title\">Duotech Blue<\/span><span class=\"categories\"> Balene<\/span><\/div><a href=\"https:\/\/galaxy.al\/?post_type=cases&p=780\"><\/a><\/div><\/div><\/div><div class=\"at-cases-item grid-cases all balene\"><div class=\"at-cases clearfix\"><div class=\"at-cases-details\"><img decoding=\"async\" class=\"\" src=\"https:\/\/galaxy.al\/wp-content\/uploads\/2024\/09\/Kids-blue-750x450.png\" width=\"750\" height=\"450\" alt=\"Kids blue\" title=\"Kids blue\" loading=\"lazy\" \/><div class=\"at-cases-content\"><span class=\"title\">Kids blue<\/span><span class=\"categories\"> Balene<\/span><\/div><a href=\"https:\/\/galaxy.al\/?post_type=cases&p=789\"><\/a><\/div><\/div><\/div><div class=\"at-cases-item grid-cases all balene\"><div class=\"at-cases clearfix\"><div class=\"at-cases-details\"><img decoding=\"async\" class=\"\" src=\"https:\/\/galaxy.al\/wp-content\/uploads\/2024\/09\/Kids-fuscia-750x450.png\" width=\"750\" height=\"450\" alt=\"Kids fuscia\" title=\"Kids fuscia\" loading=\"lazy\" \/><div class=\"at-cases-content\"><span class=\"title\">Kids fuscia<\/span><span class=\"categories\"> Balene<\/span><\/div><a href=\"https:\/\/galaxy.al\/?post_type=cases&p=791\"><\/a><\/div><\/div><\/div><div class=\"at-cases-item grid-cases all balene\"><div class=\"at-cases clearfix\"><div class=\"at-cases-details\"><img decoding=\"async\" class=\"\" src=\"https:\/\/galaxy.al\/wp-content\/uploads\/2024\/09\/Kids-green-750x450.png\" width=\"750\" height=\"450\" alt=\"Kids green\" title=\"Kids green\" loading=\"lazy\" \/><div class=\"at-cases-content\"><span class=\"title\">Kids green<\/span><span class=\"categories\"> Balene<\/span><\/div><a href=\"https:\/\/galaxy.al\/?post_type=cases&p=793\"><\/a><\/div><\/div><\/div><div class=\"at-cases-item grid-cases all balene\"><div class=\"at-cases clearfix\"><div class=\"at-cases-details\"><img decoding=\"async\" class=\"\" src=\"https:\/\/galaxy.al\/wp-content\/uploads\/2024\/09\/Kids-purple-750x450.png\" width=\"750\" height=\"450\" alt=\"Kids purple\" title=\"Kids purple\" loading=\"lazy\" \/><div class=\"at-cases-content\"><span class=\"title\">Kids purple<\/span><span class=\"categories\"> Balene<\/span><\/div><a href=\"https:\/\/galaxy.al\/?post_type=cases&p=795\"><\/a><\/div><\/div><\/div><div class=\"at-cases-item grid-cases all balene\"><div class=\"at-cases clearfix\"><div class=\"at-cases-details\"><img decoding=\"async\" class=\"\" src=\"https:\/\/galaxy.al\/wp-content\/uploads\/2024\/09\/Medium-Aquamarine-750x450.png\" width=\"750\" height=\"450\" alt=\"Medium Aquamarine\" title=\"Medium Aquamarine\" loading=\"lazy\" \/><div class=\"at-cases-content\"><span class=\"title\">Medium Aquamarine<\/span><span class=\"categories\"> Balene<\/span><\/div><a href=\"https:\/\/galaxy.al\/?post_type=cases&p=805\"><\/a><\/div><\/div><\/div><div class=\"at-cases-item grid-cases all balene\"><div class=\"at-cases clearfix\"><div class=\"at-cases-details\"><img decoding=\"async\" class=\"\" src=\"https:\/\/galaxy.al\/wp-content\/uploads\/2024\/09\/Medium-Blue-750x450.png\" width=\"750\" height=\"450\" alt=\"Medium Blue\" title=\"Medium Blue\" loading=\"lazy\" \/><div class=\"at-cases-content\"><span class=\"title\">Medium Blue<\/span><span class=\"categories\"> Balene<\/span><\/div><a href=\"https:\/\/galaxy.al\/?post_type=cases&p=798\"><\/a><\/div><\/div><\/div><div class=\"at-cases-item grid-cases all balene\"><div class=\"at-cases clearfix\"><div class=\"at-cases-details\"><img decoding=\"async\" class=\"\" src=\"https:\/\/galaxy.al\/wp-content\/uploads\/2024\/09\/Medium-Coral-750x450.png\" width=\"750\" height=\"450\" alt=\"Medium Coral\" title=\"Medium Coral\" loading=\"lazy\" \/><div class=\"at-cases-content\"><span class=\"title\">Medium Coral<\/span><span class=\"categories\"> Balene<\/span><\/div><a href=\"https:\/\/galaxy.al\/?post_type=cases&p=801\"><\/a><\/div><\/div><\/div><div class=\"at-cases-item grid-cases all balene\"><div class=\"at-cases clearfix\"><div class=\"at-cases-details\"><img decoding=\"async\" class=\"\" src=\"https:\/\/galaxy.al\/wp-content\/uploads\/2024\/09\/Replacement-heads-Medium-1-750x450.png\" width=\"750\" height=\"450\" alt=\"Replacement heads Medium\" title=\"Replacement heads Medium\" loading=\"lazy\" \/><div class=\"at-cases-content\"><span class=\"title\">Replacement heads Duotech Medium<\/span><span class=\"categories\"> Balene<\/span><\/div><a href=\"https:\/\/galaxy.al\/?post_type=cases&p=786\"><\/a><\/div><\/div><\/div><div class=\"at-cases-item grid-cases all balene\"><div class=\"at-cases clearfix\"><div class=\"at-cases-details\"><img decoding=\"async\" class=\"\" src=\"https:\/\/galaxy.al\/wp-content\/uploads\/2024\/09\/Replacement-heads-Soft-750x450.png\" width=\"750\" height=\"450\" alt=\"Replacement heads Soft\" title=\"Replacement heads Soft\" loading=\"lazy\" \/><div class=\"at-cases-content\"><span class=\"title\">Replacement heads Soft<\/span><span class=\"categories\"> Balene<\/span><\/div><a href=\"https:\/\/galaxy.al\/?post_type=cases&p=784\"><\/a><\/div><\/div><\/div><div class=\"at-cases-item grid-cases all balene\"><div class=\"at-cases clearfix\"><div class=\"at-cases-details\"><img decoding=\"async\" class=\"\" src=\"https:\/\/galaxy.al\/wp-content\/uploads\/2024\/09\/Soft-Aquamarine-750x450.png\" width=\"750\" height=\"450\" alt=\"Soft Aquamarine\" title=\"Soft Aquamarine\" loading=\"lazy\" \/><div class=\"at-cases-content\"><span class=\"title\">Soft Aquamarine<\/span><span class=\"categories\"> Balene<\/span><\/div><a href=\"https:\/\/galaxy.al\/?post_type=cases&p=807\"><\/a><\/div><\/div><\/div><div class=\"at-cases-item grid-cases all balene\"><div class=\"at-cases clearfix\"><div class=\"at-cases-details\"><img decoding=\"async\" class=\"\" src=\"https:\/\/galaxy.al\/wp-content\/uploads\/2024\/08\/Furce-Soft-Blue-750x450.png\" width=\"750\" height=\"450\" alt=\"Furce Soft Blue\" title=\"Furce Soft Blue\" loading=\"lazy\" \/><div class=\"at-cases-content\"><span class=\"title\">Soft Blue<\/span><span class=\"categories\"> Balene<\/span><\/div><a href=\"https:\/\/galaxy.al\/?post_type=cases&p=339\"><\/a><\/div><\/div><\/div><div class=\"at-cases-item grid-cases all balene\"><div class=\"at-cases clearfix\"><div class=\"at-cases-details\"><img decoding=\"async\" class=\"\" src=\"https:\/\/galaxy.al\/wp-content\/uploads\/2024\/09\/Soft-Coral-750x450.png\" width=\"750\" height=\"450\" alt=\"Soft Coral\" title=\"Soft Coral\" loading=\"lazy\" \/><div class=\"at-cases-content\"><span class=\"title\">Soft Coral<\/span><span class=\"categories\"> Balene<\/span><\/div><a href=\"https:\/\/galaxy.al\/?post_type=cases&p=803\"><\/a><\/div><\/div><\/div><\/div><\/div>\t\t\t<script type=\"text\/javascript\">\r\n\t\t\t\tjQuery(window).on('load',function($){\r\n\t\t\t\t\tvar $container = jQuery(\"#at-cases-69f271b376bd7 .at-cases-main\");\r\n\t\t\t\t\tvar originLeft = true;\r\n\t\t\t\t\tif( jQuery('body').hasClass('rtl') ) {\r\n\t\t\t\t\t\toriginLeft = false;\r\n\t\t\t\t\t}\r\n\t\t\t\t\t$container.isotope({\r\n\t\t\t\t\t\tlayoutMode: 'fitRows',\r\n\t\t\t\t\t\titemSelector: '.at-cases-item',\r\n\t\t\t\t\t\ttransitionDuration: '0.8s',\r\n\t\t\t\t\t\tisOriginLeft: originLeft\r\n\t\t\t\t\t});\r\n\t\t\t\t\tjQuery('#at-cases-69f271b376bd7 .at-cases-filter a').on('click', function ($) {\r\n\t\t\t\t\t\t\tjQuery(this).closest('ul').find('li a.selected').removeClass('selected');\r\n\t\t\t\t\t\t\tjQuery(this).addClass('selected');\r\n\t\t\t\t\t\t\tvar sort = jQuery(this).attr('href');\r\n\t\t\t\t\t\t\tsort = sort.substring(1);\r\n\t\t\t\t\t\t\t$container.isotope({\r\n\t\t\t\t\t\t\t\tfilter: '.' + sort\r\n\t\t\t\t\t\t\t});\r\n\t\t\t\t\t\t\treturn false;\r\n\t\t\t\t\t});\r\n\t\t\t\t});\r\n\t\t\t<\/script>\r\n\t\t\t<div class=\"\"  ><div class=\"wpb_column vc_column_container vc_col-sm-12\"><div class=\"vc_column-inner  \"><div class=\"wpb_wrapper\"><\/div><\/div><\/div><\/div><\/div><div class=\"vc_row wpb_row vc_row-fluid\"><div class=\"\"  ><div class=\"wpb_column vc_column_container vc_col-sm-12\"><div class=\"vc_column-inner  \"><div class=\"wpb_wrapper\"><div class=\"vc_separator wpb_content_element vc_separator_align_center vc_sep_width_100 vc_sep_border_width_4 vc_sep_pos_align_center vc_separator_no_text vc_sep_color_blue wpb_content_element  wpb_content_element\" ><span class=\"vc_sep_holder vc_sep_holder_l\"><span class=\"vc_sep_line\"><\/span><\/span><span class=\"vc_sep_holder vc_sep_holder_r\"><span class=\"vc_sep_line\"><\/span><\/span>\n<\/div><\/div><\/div><\/div><\/div><\/div><div class=\"vc_row wpb_row vc_row-fluid\"><div class=\"\"  ><div class=\"wpb_column vc_column_container vc_col-sm-12\"><div class=\"vc_column-inner  \"><div class=\"wpb_wrapper\"><style>.vc_btn3-style-gradient.vc_btn-gradient-btn-69f271b37b96c:hover{color: #fff;background-color: #5472d2;border: none;background-position: 100% 0;}<\/style><style>.vc_btn3-style-gradient.vc_btn-gradient-btn-69f271b37b96c{color: #fff;border: none;background-color: #00c1cf;background-image: -webkit-linear-gradient(left, #00c1cf 0%, #5472d2 50%,#00c1cf 100%);background-image: linear-gradient(to right, #00c1cf 0%, #5472d2 50%,#00c1cf 100%);-webkit-transition: all .2s ease-in-out;transition: all .2s ease-in-out;background-size: 200% 100%;}<\/style><div class=\"vc_btn3-container vc_btn3-center vc_do_btn\" ><a data-vc-gradient-1=\"#00c1cf\" data-vc-gradient-2=\"#5472d2\" class=\"vc_general vc_btn3 vc_btn3-size-md vc_btn3-shape-square vc_btn3-style-gradient vc_btn-gradient-btn-69f271b37b96c\" href=\"https:\/\/en.balene.com\/\" title=\"\" target=\"_blank\">Visit Balene<\/a><\/div><\/div><\/div><\/div><\/div><\/div>\n<\/div>","protected":false},"excerpt":{"rendered":"Fur\u00e7\u00eb inovative me kok\u00eb me dy an\u00eb q\u00eb lan nj\u00ebkoh\u00ebsisht t\u00eb gjitha sip\u00ebrfaqet e dh\u00ebmb\u00ebve.","protected":false},"author":1,"featured_media":0,"parent":138,"menu_order":0,"comment_status":"closed","ping_status":"closed","template":"","meta":{"_themeisle_gutenberg_block_has_review":false,"footnotes":""},"class_list":["post-333","page","type-page","status-publish","hentry"],"jetpack_sharing_enabled":true,"_links":{"self":[{"href":"https:\/\/galaxy.al\/index.php?rest_route=\/wp\/v2\/pages\/333","targetHints":{"allow":["GET"]}}],"collection":[{"href":"https:\/\/galaxy.al\/index.php?rest_route=\/wp\/v2\/pages"}],"about":[{"href":"https:\/\/galaxy.al\/index.php?rest_route=\/wp\/v2\/types\/page"}],"author":[{"embeddable":true,"href":"https:\/\/galaxy.al\/index.php?rest_route=\/wp\/v2\/users\/1"}],"replies":[{"embeddable":true,"href":"https:\/\/galaxy.al\/index.php?rest_route=%2Fwp%2Fv2%2Fcomments&post=333"}],"version-history":[{"count":5,"href":"https:\/\/galaxy.al\/index.php?rest_route=\/wp\/v2\/pages\/333\/revisions"}],"predecessor-version":[{"id":800,"href":"https:\/\/galaxy.al\/index.php?rest_route=\/wp\/v2\/pages\/333\/revisions\/800"}],"up":[{"embeddable":true,"href":"https:\/\/galaxy.al\/index.php?rest_route=\/wp\/v2\/pages\/138"}],"wp:attachment":[{"href":"https:\/\/galaxy.al\/index.php?rest_route=%2Fwp%2Fv2%2Fmedia&parent=333"}],"curies":[{"name":"wp","href":"https:\/\/api.w.org\/{rel}","templated":true}]}}