{"id":277,"date":"2024-08-30T09:23:42","date_gmt":"2024-08-30T09:23:42","guid":{"rendered":"https:\/\/galaxy.al\/?page_id=277"},"modified":"2024-08-30T09:47:41","modified_gmt":"2024-08-30T09:47:41","slug":"rokivit-2","status":"publish","type":"page","link":"https:\/\/galaxy.al\/?page_id=277","title":{"rendered":"Rokivit"},"content":{"rendered":"<div class=\"wpb-content-wrapper\"><div class=\"vc_row wpb_row vc_row-fluid\"><div class=\"\"  ><div class=\"wpb_column vc_column_container vc_col-sm-12\"><div class=\"vc_column-inner  \"><div class=\"wpb_wrapper\">\n\t<div  class=\"wpb_single_image wpb_content_element vc_align_center wpb_content_element\">\n\t\t\n\t\t<figure class=\"wpb_wrapper vc_figure\">\n\t\t\t<div class=\"vc_single_image-wrapper   vc_box_border_grey\"><img loading=\"lazy\" decoding=\"async\" width=\"300\" height=\"169\" src=\"https:\/\/galaxy.al\/wp-content\/uploads\/2024\/08\/rokivit-300x169.png\" class=\"vc_single_image-img attachment-medium\" alt=\"\" title=\"rokivit\" srcset=\"https:\/\/galaxy.al\/wp-content\/uploads\/2024\/08\/rokivit-300x169.png 300w, https:\/\/galaxy.al\/wp-content\/uploads\/2024\/08\/rokivit-600x338.png 600w, https:\/\/galaxy.al\/wp-content\/uploads\/2024\/08\/rokivit-1024x576.png 1024w, https:\/\/galaxy.al\/wp-content\/uploads\/2024\/08\/rokivit-768x432.png 768w, https:\/\/galaxy.al\/wp-content\/uploads\/2024\/08\/rokivit.png 1280w\" sizes=\"auto, (max-width: 300px) 100vw, 300px\" \/><\/div>\n\t\t<\/figure>\n\t<\/div>\n<\/div><\/div><\/div><\/div><\/div><div class=\"vc_row wpb_row vc_row-fluid\"><div class=\"\"  ><div class=\"wpb_column vc_column_container vc_col-sm-12\"><div class=\"vc_column-inner  \"><div class=\"wpb_wrapper\"><div class=\"vc_separator wpb_content_element vc_separator_align_center vc_sep_width_100 vc_sep_border_width_4 vc_sep_pos_align_center vc_separator_no_text vc_sep_color_blue wpb_content_element  wpb_content_element\" ><span class=\"vc_sep_holder vc_sep_holder_l\"><span class=\"vc_sep_line\"><\/span><\/span><span class=\"vc_sep_holder vc_sep_holder_r\"><span class=\"vc_sep_line\"><\/span><\/span>\n<\/div><\/div><\/div><\/div><\/div><\/div><div class=\"vc_row wpb_row vc_row-fluid\"><div id=at-cases-6a035ecc84a4d  class=\"at-cases-wrapper col_\"><div class=\"at-cases-main\"><div class=\"at-cases-item grid-cases all rokivit\"><div class=\"at-cases clearfix\"><div class=\"at-cases-details\"><img decoding=\"async\" class=\"\" src=\"https:\/\/galaxy.al\/wp-content\/uploads\/2024\/08\/Rokivit-D3-daily-750x450.png\" width=\"750\" height=\"450\" alt=\"Rokivit D3 daily\" title=\"Rokivit D3 daily\" loading=\"lazy\" \/><div class=\"at-cases-content\"><span class=\"title\">Rokivit daily D3 1000 IE<\/span><span class=\"categories\"> Rokivit<\/span><\/div><a href=\"https:\/\/galaxy.al\/?post_type=cases&p=285\"><\/a><\/div><\/div><\/div><div class=\"at-cases-item grid-cases all rokivit\"><div class=\"at-cases clearfix\"><div class=\"at-cases-details\"><img decoding=\"async\" class=\"\" src=\"https:\/\/galaxy.al\/wp-content\/uploads\/2024\/08\/Rokivit-D3-2800-750x450.png\" width=\"750\" height=\"450\" alt=\"Rokivit D3 2800\" title=\"Rokivit D3 2800\" loading=\"lazy\" \/><div class=\"at-cases-content\"><span class=\"title\">Rokivit vit D3 28000 IE<\/span><span class=\"categories\"> Rokivit<\/span><\/div><a href=\"https:\/\/galaxy.al\/?post_type=cases&p=281\"><\/a><\/div><\/div><\/div><\/div><\/div>\t\t\t<script type=\"text\/javascript\">\r\n\t\t\t\tjQuery(window).on('load',function($){\r\n\t\t\t\t\tvar $container = jQuery(\"#at-cases-6a035ecc84a4d .at-cases-main\");\r\n\t\t\t\t\tvar originLeft = true;\r\n\t\t\t\t\tif( jQuery('body').hasClass('rtl') ) {\r\n\t\t\t\t\t\toriginLeft = false;\r\n\t\t\t\t\t}\r\n\t\t\t\t\t$container.isotope({\r\n\t\t\t\t\t\tlayoutMode: 'fitRows',\r\n\t\t\t\t\t\titemSelector: '.at-cases-item',\r\n\t\t\t\t\t\ttransitionDuration: '0.8s',\r\n\t\t\t\t\t\tisOriginLeft: originLeft\r\n\t\t\t\t\t});\r\n\t\t\t\t\tjQuery('#at-cases-6a035ecc84a4d .at-cases-filter a').on('click', function ($) {\r\n\t\t\t\t\t\t\tjQuery(this).closest('ul').find('li a.selected').removeClass('selected');\r\n\t\t\t\t\t\t\tjQuery(this).addClass('selected');\r\n\t\t\t\t\t\t\tvar sort = jQuery(this).attr('href');\r\n\t\t\t\t\t\t\tsort = sort.substring(1);\r\n\t\t\t\t\t\t\t$container.isotope({\r\n\t\t\t\t\t\t\t\tfilter: '.' + sort\r\n\t\t\t\t\t\t\t});\r\n\t\t\t\t\t\t\treturn false;\r\n\t\t\t\t\t});\r\n\t\t\t\t});\r\n\t\t\t<\/script>\r\n\t\t\t<div class=\"\"  ><div class=\"wpb_column vc_column_container vc_col-sm-12\"><div class=\"vc_column-inner  \"><div class=\"wpb_wrapper\"><\/div><\/div><\/div><\/div><\/div><div class=\"vc_row wpb_row vc_row-fluid\"><div class=\"\"  ><div class=\"wpb_column vc_column_container vc_col-sm-12\"><div class=\"vc_column-inner  \"><div class=\"wpb_wrapper\"><div class=\"vc_separator wpb_content_element vc_separator_align_center vc_sep_width_100 vc_sep_border_width_4 vc_sep_pos_align_center vc_separator_no_text vc_sep_color_blue wpb_content_element  wpb_content_element\" ><span class=\"vc_sep_holder vc_sep_holder_l\"><span class=\"vc_sep_line\"><\/span><\/span><span class=\"vc_sep_holder vc_sep_holder_r\"><span class=\"vc_sep_line\"><\/span><\/span>\n<\/div><\/div><\/div><\/div><\/div><\/div><div class=\"vc_row wpb_row vc_row-fluid\"><div class=\"\"  ><div class=\"wpb_column vc_column_container vc_col-sm-12\"><div class=\"vc_column-inner  \"><div class=\"wpb_wrapper\"><style>.vc_btn3-style-gradient.vc_btn-gradient-btn-6a035ecc85e10:hover{color: #fff;background-color: #5472d2;border: none;background-position: 100% 0;}<\/style><style>.vc_btn3-style-gradient.vc_btn-gradient-btn-6a035ecc85e10{color: #fff;border: none;background-color: #00c1cf;background-image: -webkit-linear-gradient(left, #00c1cf 0%, #5472d2 50%,#00c1cf 100%);background-image: linear-gradient(to right, #00c1cf 0%, #5472d2 50%,#00c1cf 100%);-webkit-transition: all .2s ease-in-out;transition: all .2s ease-in-out;background-size: 200% 100%;}<\/style><div class=\"vc_btn3-container vc_btn3-center vc_do_btn\" ><a data-vc-gradient-1=\"#00c1cf\" data-vc-gradient-2=\"#5472d2\" class=\"vc_general vc_btn3 vc_btn3-size-md vc_btn3-shape-square vc_btn3-style-gradient vc_btn-gradient-btn-6a035ecc85e10\" href=\"https:\/\/rokitan.com\/en\/home\/\" title=\"Visit Rokivit\" target=\"_blank\">Visit Rokivit<\/a><\/div><\/div><\/div><\/div><\/div><\/div>\n<\/div>","protected":false},"excerpt":{"rendered":"1 kapsul\u00eb: vitamin\u00eb D3 (28.000 UI) Suplement ushqimor p\u00ebr trajtimin e munges\u00ebs dhe pamjaftueshm\u00ebris\u00eb s\u00eb vitamin\u00ebs D3. 1 kapsul\u00eb (28.000 UI) n\u00eb jav\u00eb p\u00ebr t\u00eb rritur dhe f\u00ebmij\u00eb 11-17 vje\u00e7. 1 kapsul\u00eb (28.000 UI) \u00e7do dy jav\u00eb p\u00ebr f\u00ebmij\u00eb nga 6-10 vje\u00e7 . Udh\u00ebzuesit nd\u00ebrkomb\u00ebtar\u00eb rekomandojn\u00eb doz\u00eb ditore deri n\u00eb 2000 UI p\u00ebr f\u00ebmij\u00eb n\u00ebn [...]","protected":false},"author":1,"featured_media":0,"parent":138,"menu_order":0,"comment_status":"closed","ping_status":"closed","template":"","meta":{"_themeisle_gutenberg_block_has_review":false,"footnotes":""},"class_list":["post-277","page","type-page","status-publish","hentry"],"jetpack_sharing_enabled":true,"_links":{"self":[{"href":"https:\/\/galaxy.al\/index.php?rest_route=\/wp\/v2\/pages\/277","targetHints":{"allow":["GET"]}}],"collection":[{"href":"https:\/\/galaxy.al\/index.php?rest_route=\/wp\/v2\/pages"}],"about":[{"href":"https:\/\/galaxy.al\/index.php?rest_route=\/wp\/v2\/types\/page"}],"author":[{"embeddable":true,"href":"https:\/\/galaxy.al\/index.php?rest_route=\/wp\/v2\/users\/1"}],"replies":[{"embeddable":true,"href":"https:\/\/galaxy.al\/index.php?rest_route=%2Fwp%2Fv2%2Fcomments&post=277"}],"version-history":[{"count":5,"href":"https:\/\/galaxy.al\/index.php?rest_route=\/wp\/v2\/pages\/277\/revisions"}],"predecessor-version":[{"id":288,"href":"https:\/\/galaxy.al\/index.php?rest_route=\/wp\/v2\/pages\/277\/revisions\/288"}],"up":[{"embeddable":true,"href":"https:\/\/galaxy.al\/index.php?rest_route=\/wp\/v2\/pages\/138"}],"wp:attachment":[{"href":"https:\/\/galaxy.al\/index.php?rest_route=%2Fwp%2Fv2%2Fmedia&parent=277"}],"curies":[{"name":"wp","href":"https:\/\/api.w.org\/{rel}","templated":true}]}}