{"id":204,"date":"2024-08-29T12:54:58","date_gmt":"2024-08-29T12:54:58","guid":{"rendered":"https:\/\/galaxy.al\/?page_id=204"},"modified":"2024-09-20T09:42:43","modified_gmt":"2024-09-20T09:42:43","slug":"neo-kids","status":"publish","type":"page","link":"https:\/\/galaxy.al\/?page_id=204","title":{"rendered":"Neo Kids"},"content":{"rendered":"<div class=\"wpb-content-wrapper\"><div class=\"vc_row wpb_row vc_row-fluid\"><div class=\"\"  ><div class=\"wpb_column vc_column_container vc_col-sm-12\"><div class=\"vc_column-inner  \"><div class=\"wpb_wrapper\">\n\t<div  class=\"wpb_single_image wpb_content_element vc_align_center wpb_content_element\">\n\t\t\n\t\t<figure class=\"wpb_wrapper vc_figure\">\n\t\t\t<div class=\"vc_single_image-wrapper   vc_box_border_grey\"><img loading=\"lazy\" decoding=\"async\" width=\"150\" height=\"150\" src=\"https:\/\/galaxy.al\/wp-content\/uploads\/2024\/08\/neo-kids-150x150.png\" class=\"vc_single_image-img attachment-thumbnail\" alt=\"\" title=\"neo kids\" srcset=\"https:\/\/galaxy.al\/wp-content\/uploads\/2024\/08\/neo-kids-150x150.png 150w, https:\/\/galaxy.al\/wp-content\/uploads\/2024\/08\/neo-kids-300x300.png 300w, https:\/\/galaxy.al\/wp-content\/uploads\/2024\/08\/neo-kids-100x100.png 100w, https:\/\/galaxy.al\/wp-content\/uploads\/2024\/08\/neo-kids-600x600.png 600w, https:\/\/galaxy.al\/wp-content\/uploads\/2024\/08\/neo-kids-1024x1024.png 1024w, https:\/\/galaxy.al\/wp-content\/uploads\/2024\/08\/neo-kids-768x768.png 768w, https:\/\/galaxy.al\/wp-content\/uploads\/2024\/08\/neo-kids-50x50.png 50w, https:\/\/galaxy.al\/wp-content\/uploads\/2024\/08\/neo-kids.png 1250w\" sizes=\"auto, (max-width: 150px) 100vw, 150px\" \/><\/div>\n\t\t<\/figure>\n\t<\/div>\n<div class=\"vc_separator wpb_content_element vc_separator_align_center vc_sep_width_100 vc_sep_border_width_4 vc_sep_pos_align_center vc_separator_no_text vc_sep_color_blue wpb_content_element  wpb_content_element\" ><span class=\"vc_sep_holder vc_sep_holder_l\"><span class=\"vc_sep_line\"><\/span><\/span><span class=\"vc_sep_holder vc_sep_holder_r\"><span class=\"vc_sep_line\"><\/span><\/span>\n<\/div><\/div><\/div><\/div><\/div><\/div><div class=\"vc_row wpb_row vc_row-fluid\"><div id=at-cases-69f51c6b02a5e  class=\"at-cases-wrapper col_\"><div class=\"at-cases-main\"><div class=\"at-cases-item grid-cases all neokids\"><div class=\"at-cases clearfix\"><div class=\"at-cases-details\"><img decoding=\"async\" class=\"\" src=\"https:\/\/galaxy.al\/wp-content\/uploads\/2024\/09\/neo_kids_appetite-750x450.png\" width=\"750\" height=\"450\" alt=\"neo_kids_appetite\" title=\"neo_kids_appetite\" loading=\"lazy\" \/><div class=\"at-cases-content\"><span class=\"title\">Neo Kids Appetite<\/span><span class=\"categories\"> Neo Kids<\/span><\/div><a href=\"https:\/\/galaxy.al\/?post_type=cases&p=941\"><\/a><\/div><\/div><\/div><div class=\"at-cases-item grid-cases all neokids\"><div class=\"at-cases clearfix\"><div class=\"at-cases-details\"><img decoding=\"async\" class=\"\" src=\"https:\/\/galaxy.al\/wp-content\/uploads\/2024\/09\/neo_kids_c-750x450.png\" width=\"750\" height=\"450\" alt=\"neo_kids_c+\" title=\"neo_kids_c+\" loading=\"lazy\" \/><div class=\"at-cases-content\"><span class=\"title\">Neo Kids C+<\/span><span class=\"categories\"> Neo Kids<\/span><\/div><a href=\"https:\/\/galaxy.al\/?post_type=cases&p=945\"><\/a><\/div><\/div><\/div><div class=\"at-cases-item grid-cases all neokids\"><div class=\"at-cases clearfix\"><div class=\"at-cases-details\"><img decoding=\"async\" class=\"\" src=\"https:\/\/galaxy.al\/wp-content\/uploads\/2024\/09\/neo_kids_growth-750x450.png\" width=\"750\" height=\"450\" alt=\"neo_kids_growth\" title=\"neo_kids_growth\" loading=\"lazy\" \/><div class=\"at-cases-content\"><span class=\"title\">Neo Kids Growth<\/span><span class=\"categories\"> Neo Kids<\/span><\/div><a href=\"https:\/\/galaxy.al\/?post_type=cases&p=943\"><\/a><\/div><\/div><\/div><div class=\"at-cases-item grid-cases all neokids\"><div class=\"at-cases clearfix\"><div class=\"at-cases-details\"><img decoding=\"async\" class=\"\" src=\"https:\/\/galaxy.al\/wp-content\/uploads\/2024\/08\/neo_kids_jelly-750x450.png\" width=\"750\" height=\"450\" alt=\"neo_kids_jelly\" title=\"neo_kids_jelly\" loading=\"lazy\" \/><div class=\"at-cases-content\"><span class=\"title\">Neo Kids Jelly<\/span><span class=\"categories\"> Neo Kids<\/span><\/div><a href=\"https:\/\/galaxy.al\/?post_type=cases&p=222\"><\/a><\/div><\/div><\/div><div class=\"at-cases-item grid-cases all neokids\"><div class=\"at-cases clearfix\"><div class=\"at-cases-details\"><img decoding=\"async\" class=\"\" src=\"https:\/\/galaxy.al\/wp-content\/uploads\/2024\/09\/neo_kids_jellysh-750x450.png\" width=\"750\" height=\"450\" alt=\"neo_kids_jellysh\" title=\"neo_kids_jellysh\" loading=\"lazy\" \/><div class=\"at-cases-content\"><span class=\"title\">Neo Kids Jelly<\/span><span class=\"categories\"> Neo Kids<\/span><\/div><a href=\"https:\/\/galaxy.al\/?post_type=cases&p=948\"><\/a><\/div><\/div><\/div><div class=\"at-cases-item grid-cases all neokids\"><div class=\"at-cases clearfix\"><div class=\"at-cases-details\"><img decoding=\"async\" class=\"\" src=\"https:\/\/galaxy.al\/wp-content\/uploads\/2024\/09\/neo_kids_kalcium-750x450.png\" width=\"750\" height=\"450\" alt=\"neo_kids_kalcium\" title=\"neo_kids_kalcium\" loading=\"lazy\" \/><div class=\"at-cases-content\"><span class=\"title\">Neo Kids Kalcium+<\/span><span class=\"categories\"> Neo Kids<\/span><\/div><a href=\"https:\/\/galaxy.al\/?post_type=cases&p=939\"><\/a><\/div><\/div><\/div><div class=\"at-cases-item grid-cases all neokids\"><div class=\"at-cases clearfix\"><div class=\"at-cases-details\"><img decoding=\"async\" class=\"\" src=\"https:\/\/galaxy.al\/wp-content\/uploads\/2024\/09\/neo_kids_omega3-750x450.png\" width=\"750\" height=\"450\" alt=\"neo_kids_omega3\" title=\"neo_kids_omega3\" loading=\"lazy\" \/><div class=\"at-cases-content\"><span class=\"title\">Neo Kids Omega 3<\/span><span class=\"categories\"> Neo Kids<\/span><\/div><a href=\"https:\/\/galaxy.al\/?post_type=cases&p=950\"><\/a><\/div><\/div><\/div><div class=\"at-cases-item grid-cases all neokids\"><div class=\"at-cases clearfix\"><div class=\"at-cases-details\"><img decoding=\"async\" class=\"\" src=\"https:\/\/galaxy.al\/wp-content\/uploads\/2024\/08\/neo_kids_probiotic-750x450.png\" width=\"750\" height=\"450\" alt=\"neo_kids_probiotic\" title=\"neo_kids_probiotic\" loading=\"lazy\" \/><div class=\"at-cases-content\"><span class=\"title\">Neo Kids Probiotic<\/span><span class=\"categories\"> Neo Kids<\/span><\/div><a href=\"https:\/\/galaxy.al\/?post_type=cases&p=223\"><\/a><\/div><\/div><\/div><div class=\"at-cases-item grid-cases all neokids\"><div class=\"at-cases clearfix\"><div class=\"at-cases-details\"><img decoding=\"async\" class=\"\" src=\"https:\/\/galaxy.al\/wp-content\/uploads\/2024\/09\/neo_kids_vitazinc-750x450.png\" width=\"750\" height=\"450\" alt=\"neo_kids_vitazinc\" title=\"neo_kids_vitazinc\" loading=\"lazy\" \/><div class=\"at-cases-content\"><span class=\"title\">Neo Kids Vitazinc<\/span><span class=\"categories\"> Neo Kids<\/span><\/div><a href=\"https:\/\/galaxy.al\/?post_type=cases&p=936\"><\/a><\/div><\/div><\/div><\/div><\/div>\t\t\t<script type=\"text\/javascript\">\r\n\t\t\t\tjQuery(window).on('load',function($){\r\n\t\t\t\t\tvar $container = jQuery(\"#at-cases-69f51c6b02a5e .at-cases-main\");\r\n\t\t\t\t\tvar originLeft = true;\r\n\t\t\t\t\tif( jQuery('body').hasClass('rtl') ) {\r\n\t\t\t\t\t\toriginLeft = false;\r\n\t\t\t\t\t}\r\n\t\t\t\t\t$container.isotope({\r\n\t\t\t\t\t\tlayoutMode: 'fitRows',\r\n\t\t\t\t\t\titemSelector: '.at-cases-item',\r\n\t\t\t\t\t\ttransitionDuration: '0.8s',\r\n\t\t\t\t\t\tisOriginLeft: originLeft\r\n\t\t\t\t\t});\r\n\t\t\t\t\tjQuery('#at-cases-69f51c6b02a5e .at-cases-filter a').on('click', function ($) {\r\n\t\t\t\t\t\t\tjQuery(this).closest('ul').find('li a.selected').removeClass('selected');\r\n\t\t\t\t\t\t\tjQuery(this).addClass('selected');\r\n\t\t\t\t\t\t\tvar sort = jQuery(this).attr('href');\r\n\t\t\t\t\t\t\tsort = sort.substring(1);\r\n\t\t\t\t\t\t\t$container.isotope({\r\n\t\t\t\t\t\t\t\tfilter: '.' + sort\r\n\t\t\t\t\t\t\t});\r\n\t\t\t\t\t\t\treturn false;\r\n\t\t\t\t\t});\r\n\t\t\t\t});\r\n\t\t\t<\/script>\r\n\t\t\t<div class=\"\"  ><div class=\"wpb_column vc_column_container vc_col-sm-12\"><div class=\"vc_column-inner  \"><div class=\"wpb_wrapper\"><\/div><\/div><\/div><\/div><\/div><div class=\"vc_row wpb_row vc_row-fluid\"><div class=\"\"  ><div class=\"wpb_column vc_column_container vc_col-sm-12\"><div class=\"vc_column-inner  \"><div class=\"wpb_wrapper\"><div class=\"vc_separator wpb_content_element vc_separator_align_center vc_sep_width_100 vc_sep_border_width_4 vc_sep_pos_align_center vc_separator_no_text vc_sep_color_blue wpb_content_element  wpb_content_element\" ><span class=\"vc_sep_holder vc_sep_holder_l\"><span class=\"vc_sep_line\"><\/span><\/span><span class=\"vc_sep_holder vc_sep_holder_r\"><span class=\"vc_sep_line\"><\/span><\/span>\n<\/div><\/div><\/div><\/div><\/div><\/div><div class=\"vc_row wpb_row vc_row-fluid\"><div class=\"\"  ><div class=\"wpb_column vc_column_container vc_col-sm-12\"><div class=\"vc_column-inner  \"><div class=\"wpb_wrapper\"><style>.vc_btn3-style-gradient.vc_btn-gradient-btn-69f51c6b05208:hover{color: #fff;background-color: #5472d2;border: none;background-position: 100% 0;}<\/style><style>.vc_btn3-style-gradient.vc_btn-gradient-btn-69f51c6b05208{color: #fff;border: none;background-color: #00c1cf;background-image: -webkit-linear-gradient(left, #00c1cf 0%, #5472d2 50%,#00c1cf 100%);background-image: linear-gradient(to right, #00c1cf 0%, #5472d2 50%,#00c1cf 100%);-webkit-transition: all .2s ease-in-out;transition: all .2s ease-in-out;background-size: 200% 100%;}<\/style><div class=\"vc_btn3-container vc_btn3-center vc_do_btn\" ><a data-vc-gradient-1=\"#00c1cf\" data-vc-gradient-2=\"#5472d2\" class=\"vc_general vc_btn3 vc_btn3-size-md vc_btn3-shape-square vc_btn3-style-gradient vc_btn-gradient-btn-69f51c6b05208\" href=\"https:\/\/www.neovitalhealth.com\" title=\"Visit Neo Kids\" target=\"_blank\">Visit Neo Kids<\/a><\/div><\/div><\/div><\/div><\/div><\/div>\n<\/div>","protected":false},"excerpt":{"rendered":"1 (nj\u00eb) karamele: vitamin\u00eb C (30 mg); vitamin\u00eb E (4.02 mg); zink (3 mg); vitamin\u00eb B6 (0.7 mg); vitamin\u00eb A (300 \u00b5g); acid folik (100 \u00b5g); biotin\u00eb (50 \u00b5g); vitamin\u00eb B12 (2.5 \u00b5g); vitamin\u00eb D3 (1.875 \u00b5g) Kontribuon n\u00eb forcimin e mbrojtjes imunitare dhe rrit nivelin e vitaminave n\u00eb organiz\u00ebm.\u00a0\u00a0\u00a0\u00a0\u00a0\u00a0\u00a0\u00a0\u00a0\u00a0\u00a0\u00a0\u00a0\u00a0\u00a0\u00a0\u00a0\u00a0\u00a0\u00a0\u00a0\u00a0\u00a0\u00a0\u00a0\u00a0\u00a0\u00a0\u00a0\u00a0\u00a0\u00a0\u00a0\u00a0\u00a0\u00a0\u00a0\u00a0\u00a0\u00a0\u00a0\u00a0\u00a0\u00a0\u00a0\u00a0\u00a0\u00a0\u00a0\u00a0\u00a0\u00a0\u00a0\u00a0\u00a0 P\u00ebr f\u00ebmij\u00eb mbi 3 vje\u00e7. [...]","protected":false},"author":1,"featured_media":0,"parent":138,"menu_order":0,"comment_status":"closed","ping_status":"closed","template":"","meta":{"_themeisle_gutenberg_block_has_review":false,"footnotes":""},"class_list":["post-204","page","type-page","status-publish","hentry"],"jetpack_sharing_enabled":true,"_links":{"self":[{"href":"https:\/\/galaxy.al\/index.php?rest_route=\/wp\/v2\/pages\/204","targetHints":{"allow":["GET"]}}],"collection":[{"href":"https:\/\/galaxy.al\/index.php?rest_route=\/wp\/v2\/pages"}],"about":[{"href":"https:\/\/galaxy.al\/index.php?rest_route=\/wp\/v2\/types\/page"}],"author":[{"embeddable":true,"href":"https:\/\/galaxy.al\/index.php?rest_route=\/wp\/v2\/users\/1"}],"replies":[{"embeddable":true,"href":"https:\/\/galaxy.al\/index.php?rest_route=%2Fwp%2Fv2%2Fcomments&post=204"}],"version-history":[{"count":14,"href":"https:\/\/galaxy.al\/index.php?rest_route=\/wp\/v2\/pages\/204\/revisions"}],"predecessor-version":[{"id":953,"href":"https:\/\/galaxy.al\/index.php?rest_route=\/wp\/v2\/pages\/204\/revisions\/953"}],"up":[{"embeddable":true,"href":"https:\/\/galaxy.al\/index.php?rest_route=\/wp\/v2\/pages\/138"}],"wp:attachment":[{"href":"https:\/\/galaxy.al\/index.php?rest_route=%2Fwp%2Fv2%2Fmedia&parent=204"}],"curies":[{"name":"wp","href":"https:\/\/api.w.org\/{rel}","templated":true}]}}